{"id":3738,"date":"2021-02-24T15:14:03","date_gmt":"2021-02-24T15:14:03","guid":{"rendered":"https:\/\/gemuseparis.fr\/?page_id=3738"},"modified":"2021-03-02T12:48:29","modified_gmt":"2021-03-02T12:48:29","slug":"contact","status":"publish","type":"page","link":"https:\/\/gemuseparis.fr\/en\/contact","title":{"rendered":"Contact"},"content":{"rendered":"<div id=\"fifth\"  data-midnight=\"dark\" data-top-percent=\"5%\" data-bottom-percent=\"5%\"  data-bg-mobile-hidden=\"\" class=\"wpb_row vc_row-fluid vc_row top-level full-width-section standard_section\"  style=\"padding-top: calc(100vw * 0.05); padding-bottom: calc(100vw * 0.05); \"><div class=\"row-bg-wrap\" data-bg-animation=\"none\"><div class=\"inner-wrap using-image\"><div class=\"row-bg using-image using-bg-color\"  style=\"background-image: url(https:\/\/gemuseparis.fr\/wp-content\/uploads\/2019\/01\/FOND-7-1.jpg); background-position: left top; background-repeat: no-repeat; background-color: #efb208; \"><\/div><\/div><div class=\"row-bg-overlay\" ><\/div><\/div><div class=\"col span_12 dark left\">\n\t<div  class=\"vc_col-sm-12 wpb_column column_container vc_column_container col no-extra-padding\"  data-t-w-inherits=\"default\" data-border-radius=\"none\" data-shadow=\"none\" data-border-animation=\"\" data-border-animation-delay=\"\" data-border-width=\"none\" data-border-style=\"solid\" data-border-color=\"\" data-bg-cover=\"\" data-padding-pos=\"all\" data-has-bg-color=\"false\" data-bg-color=\"\" data-bg-opacity=\"1\" data-hover-bg=\"\" data-hover-bg-opacity=\"1\" data-animation=\"\" data-delay=\"0\"><div class=\"column-bg-overlay\"><\/div>\n\t\t<div class=\"vc_column-inner\">\n\t\t\t<div class=\"wpb_wrapper\">\n\t\t\t\t\r\n\t<div class=\"wpb_text_column wpb_content_element  vc_custom_1546970303541\" style=\" max-width: 1050px; display: inline-block;\">\r\n\t\t<div class=\"wpb_wrapper\">\r\n\t\t\t<h1 style=\"text-align: center;\"><strong><span style=\"color: #ffffff;\">CONTACT<\/span><\/strong><\/h1>\n\r\n\t\t<\/div>\r\n\t<\/div>\r\n\r\n    \t<div id=\"fws_69f4ddcf08d66\" data-midnight=\"\" data-column-margin=\"default\" data-bg-mobile-hidden=\"\" class=\"wpb_row vc_row-fluid vc_row inner_row standard_section\"  style=\"padding-top: 0px; padding-bottom: 0px; \"><div class=\"row-bg-wrap\"> <div class=\"row-bg\"  style=\"\"><\/div> <\/div><div class=\"col span_12  left\">\n\t<div  class=\"vc_col-sm-1\/5 wpb_column column_container vc_column_container col no-extra-padding\"   data-t-w-inherits=\"default\" data-shadow=\"none\" data-border-radius=\"none\" data-border-animation=\"\" data-border-animation-delay=\"\" data-border-width=\"none\" data-border-style=\"solid\" data-border-color=\"\" data-bg-cover=\"\" data-padding-pos=\"all\" data-has-bg-color=\"false\" data-bg-color=\"\" data-bg-opacity=\"1\" data-hover-bg=\"\" data-hover-bg-opacity=\"1\" data-animation=\"\" data-delay=\"0\"><div class=\"column-bg-overlay\"><\/div>\n\t\t<div class=\"vc_column-inner\">\n\t\t<div class=\"wpb_wrapper\">\n\t\t\t\n\t\t<\/div> \n\t<\/div>\n\t<\/div> \n\n\t<div style=\"border: 3px solid rgba(255,255,255,0); \" class=\"vc_col-sm-3\/5 wpb_column column_container vc_column_container col padding-2-percent\"  data-using-bg=\"true\" data-t-w-inherits=\"default\" data-shadow=\"none\" data-border-radius=\"none\" data-border-animation=\"\" data-border-animation-delay=\"\" data-border-width=\"3px\" data-border-style=\"solid\" data-border-color=\"#14503f\" data-bg-cover=\"\" data-padding-pos=\"all\" data-has-bg-color=\"true\" data-bg-color=\"#ffffff\" data-bg-opacity=\"1\" data-hover-bg=\"\" data-hover-bg-opacity=\"1\" data-animation=\"\" data-delay=\"0\"><span class=\"border-wrap\" style=\"border-color: #14503f;\"><span class=\"border-top\"><\/span><span class=\"border-right\"><\/span><span class=\"border-bottom\"><\/span><span class=\"border-left\"><\/span><\/span><div class=\"column-bg-overlay\" style=\"opacity: 1; background-color: #ffffff;\"><\/div>\n\t\t<div class=\"vc_column-inner\">\n\t\t<div class=\"wpb_wrapper\">\n\t\t\t\r\n\t<div class=\"wpb_text_column wpb_content_element  vc_custom_1614689307489\" >\r\n\t\t<div class=\"wpb_wrapper\">\r\n\t\t\t<p>Pour toute information concernant GEM\u00dcSE, r\u00e9clamation, ou si vous voulez nous envoyer vos mots d&rsquo;amour \u00e7a se passe ici : <a href=\"mailto:gemusekebap@gmail.com\" target=\"_blank\" rel=\"noopener noreferrer\">gemusekebap@gmail.com<\/a> or on our social media channels <a href=\"https:\/\/www.facebook.com\/gemuseparis\/\">Facebook<\/a>\u00a0and <a href=\"https:\/\/www.instagram.com\/gemuseparis\/\">Instagram<\/a><\/p>\n\r\n\t\t<\/div>\r\n\t<\/div>\r\n\n\t\t<\/div> \n\t<\/div>\n\t<\/div> \n<\/div><\/div>\n\t\t\t<\/div> \n\t\t<\/div>\n\t<\/div> \n<\/div><\/div>","protected":false},"excerpt":{"rendered":"CONTACT Pour toute information concernant GEM\u00dcSE, r\u00e9clamation, ou si vous voulez nous envoyer vos mots d'amour \u00e7a se passe ici : gemusekebap@gmail.com ou sur nos r\u00e9seaux Facebook\u00a0et Instagram","protected":false},"author":1,"featured_media":0,"parent":0,"menu_order":11,"comment_status":"open","ping_status":"closed","template":"","meta":{"footnotes":""},"class_list":["post-3738","page","type-page","status-publish"],"yoast_head":"<!-- This site is optimized with the Yoast SEO plugin v26.9 - https:\/\/yoast.com\/product\/yoast-seo-wordpress\/ -->\n<title>Contact - GEM\u00dcSE<\/title>\n<meta name=\"robots\" content=\"index, follow, max-snippet:-1, max-image-preview:large, max-video-preview:-1\" \/>\n<link rel=\"canonical\" href=\"https:\/\/gemuseparis.fr\/en\/contact\/\" \/>\n<meta property=\"og:locale\" content=\"en_GB\" \/>\n<meta property=\"og:type\" content=\"article\" \/>\n<meta property=\"og:title\" content=\"Contact - GEM\u00dcSE\" \/>\n<meta property=\"og:url\" content=\"https:\/\/gemuseparis.fr\/en\/contact\/\" \/>\n<meta property=\"og:site_name\" content=\"GEM\u00dcSE\" \/>\n<meta property=\"article:modified_time\" content=\"2021-03-02T12:48:29+00:00\" \/>\n<meta name=\"twitter:card\" content=\"summary_large_image\" \/>\n<meta name=\"twitter:label1\" content=\"Estimated reading time\" \/>\n\t<meta name=\"twitter:data1\" content=\"2 minutes\" \/>\n<script type=\"application\/ld+json\" class=\"yoast-schema-graph\">{\"@context\":\"https:\/\/schema.org\",\"@graph\":[{\"@type\":\"WebPage\",\"@id\":\"https:\/\/gemuseparis.fr\/contact\",\"url\":\"https:\/\/gemuseparis.fr\/contact\",\"name\":\"Contact - GEM\u00dcSE\",\"isPartOf\":{\"@id\":\"https:\/\/gemuseparis.fr\/#website\"},\"datePublished\":\"2021-02-24T15:14:03+00:00\",\"dateModified\":\"2021-03-02T12:48:29+00:00\",\"breadcrumb\":{\"@id\":\"https:\/\/gemuseparis.fr\/contact#breadcrumb\"},\"inLanguage\":\"en-GB\",\"potentialAction\":[{\"@type\":\"ReadAction\",\"target\":[\"https:\/\/gemuseparis.fr\/contact\"]}]},{\"@type\":\"BreadcrumbList\",\"@id\":\"https:\/\/gemuseparis.fr\/contact#breadcrumb\",\"itemListElement\":[{\"@type\":\"ListItem\",\"position\":1,\"name\":\"Accueil\",\"item\":\"https:\/\/gemuseparis.fr\/\"},{\"@type\":\"ListItem\",\"position\":2,\"name\":\"Contact\"}]},{\"@type\":\"WebSite\",\"@id\":\"https:\/\/gemuseparis.fr\/#website\",\"url\":\"https:\/\/gemuseparis.fr\/\",\"name\":\"GEM\u00dcSE\",\"description\":\"Berliner Kebap\",\"potentialAction\":[{\"@type\":\"SearchAction\",\"target\":{\"@type\":\"EntryPoint\",\"urlTemplate\":\"https:\/\/gemuseparis.fr\/?s={search_term_string}\"},\"query-input\":{\"@type\":\"PropertyValueSpecification\",\"valueRequired\":true,\"valueName\":\"search_term_string\"}}],\"inLanguage\":\"en-GB\"}]}<\/script>\n<!-- \/ Yoast SEO plugin. -->","yoast_head_json":{"title":"Contact - GEM\u00dcSE","robots":{"index":"index","follow":"follow","max-snippet":"max-snippet:-1","max-image-preview":"max-image-preview:large","max-video-preview":"max-video-preview:-1"},"canonical":"https:\/\/gemuseparis.fr\/en\/contact\/","og_locale":"en_GB","og_type":"article","og_title":"Contact - GEM\u00dcSE","og_url":"https:\/\/gemuseparis.fr\/en\/contact\/","og_site_name":"GEM\u00dcSE","article_modified_time":"2021-03-02T12:48:29+00:00","twitter_card":"summary_large_image","twitter_misc":{"Estimated reading time":"2 minutes"},"schema":{"@context":"https:\/\/schema.org","@graph":[{"@type":"WebPage","@id":"https:\/\/gemuseparis.fr\/contact","url":"https:\/\/gemuseparis.fr\/contact","name":"Contact - GEM\u00dcSE","isPartOf":{"@id":"https:\/\/gemuseparis.fr\/#website"},"datePublished":"2021-02-24T15:14:03+00:00","dateModified":"2021-03-02T12:48:29+00:00","breadcrumb":{"@id":"https:\/\/gemuseparis.fr\/contact#breadcrumb"},"inLanguage":"en-GB","potentialAction":[{"@type":"ReadAction","target":["https:\/\/gemuseparis.fr\/contact"]}]},{"@type":"BreadcrumbList","@id":"https:\/\/gemuseparis.fr\/contact#breadcrumb","itemListElement":[{"@type":"ListItem","position":1,"name":"Accueil","item":"https:\/\/gemuseparis.fr\/"},{"@type":"ListItem","position":2,"name":"Contact"}]},{"@type":"WebSite","@id":"https:\/\/gemuseparis.fr\/#website","url":"https:\/\/gemuseparis.fr\/","name":"GEM\u00dcSE","description":"Berliner Kebap","potentialAction":[{"@type":"SearchAction","target":{"@type":"EntryPoint","urlTemplate":"https:\/\/gemuseparis.fr\/?s={search_term_string}"},"query-input":{"@type":"PropertyValueSpecification","valueRequired":true,"valueName":"search_term_string"}}],"inLanguage":"en-GB"}]}},"_links":{"self":[{"href":"https:\/\/gemuseparis.fr\/en\/wp-json\/wp\/v2\/pages\/3738","targetHints":{"allow":["GET"]}}],"collection":[{"href":"https:\/\/gemuseparis.fr\/en\/wp-json\/wp\/v2\/pages"}],"about":[{"href":"https:\/\/gemuseparis.fr\/en\/wp-json\/wp\/v2\/types\/page"}],"author":[{"embeddable":true,"href":"https:\/\/gemuseparis.fr\/en\/wp-json\/wp\/v2\/users\/1"}],"replies":[{"embeddable":true,"href":"https:\/\/gemuseparis.fr\/en\/wp-json\/wp\/v2\/comments?post=3738"}],"version-history":[{"count":6,"href":"https:\/\/gemuseparis.fr\/en\/wp-json\/wp\/v2\/pages\/3738\/revisions"}],"predecessor-version":[{"id":3803,"href":"https:\/\/gemuseparis.fr\/en\/wp-json\/wp\/v2\/pages\/3738\/revisions\/3803"}],"wp:attachment":[{"href":"https:\/\/gemuseparis.fr\/en\/wp-json\/wp\/v2\/media?parent=3738"}],"curies":[{"name":"wp","href":"https:\/\/api.w.org\/{rel}","templated":true}]}}